{"id":1541,"date":"2024-06-13T01:29:21","date_gmt":"2024-06-12T22:29:21","guid":{"rendered":"https:\/\/drcihansahan.com\/mide-balonu\/"},"modified":"2024-07-11T23:07:18","modified_gmt":"2024-07-11T20:07:18","slug":"magenballon","status":"publish","type":"page","link":"https:\/\/drcihansahan.com\/de\/magenballon\/","title":{"rendered":"Magenballon"},"content":{"rendered":"<div class=\"wpb-content-wrapper\">[vc_row content_placement=&#8220;middle&#8220; pix_particles_check=&#8220;&#8220; responsive_css=&#8220;{&#8222;pix_res_sm_pt&#8222;:&#8222;15&#8222;,&#8222;pix_res_sm_pb&#8222;:&#8222;15&#8222;}&#8220; css=&#8220;.vc_custom_1718230641940{padding-bottom: 40px !important;}&#8220;][vc_column][vc_single_image image=&#8220;1272&#8243; img_size=&#8220;full&#8220;][vc_column_text css=&#8220;.vc_custom_1720728382589{margin-bottom: 10px !important;}&#8220;]Das Einsetzen eines intragastrischen Ballons ist ein Verfahren zur Gewichtsreduktion, bei dem ein mit Kochsalzl\u00f6sung gef\u00fcllter Silikonballon in Ihren Magen eingef\u00fchrt wird. Dies hilft Ihnen beim Abnehmen, indem es die Menge an Essen einschr\u00e4nkt und daf\u00fcr sorgt, dass Sie sich schneller satt f\u00fchlen. Die Platzierung eines Magenballons ist ein vor\u00fcbergehender Eingriff, der keinen chirurgischen Eingriff erfordert.\r\n\r\nWenn Sie \u00fcber Ihr Gewicht besorgt sind und Di\u00e4t und Bewegung bei Ihnen nicht funktionieren, kann eine Magenballon-Operation eine Option sein.\r\n\r\nWie andere Verfahren zur Gewichtsreduktion erfordert auch der Magenballon die Verpflichtung zu einem ges\u00fcnderen Lebensstil. Um den langfristigen Erfolg des Eingriffs sicherzustellen, m\u00fcssen Sie Ihre Ern\u00e4hrung dauerhaft auf eine gesunde Ern\u00e4hrung umstellen und regelm\u00e4\u00dfig Sport treiben.\r\n\r\nEin Magenballon kann f\u00fcr Sie eine Option sein, wenn:\r\n\r\nWenn Ihr Body-Mass-Index (BMI) 27 oder mehr betr\u00e4gt, kommen Sie m\u00f6glicherweise f\u00fcr einen Magenballon in Frage.\r\nSie sind bereit, einen gesunden Lebensstil zu \u00e4ndern, sich regelm\u00e4\u00dfig \u00e4rztlich untersuchen zu lassen und an einer Verhaltenstherapie teilzunehmen.\r\nWenn Sie sich noch keiner Magen- oder Speiser\u00f6hrenoperation unterzogen haben.\r\nF\u00fcr \u00dcbergewichtige sind Magenballons nicht die richtige Wahl. Mithilfe eines Screening-Verfahrens kann Ihr Arzt feststellen, ob der Eingriff f\u00fcr Sie von Vorteil w\u00e4re.\r\n\r\nEs gibt zwei Arten von Magenballons: endoskopische oder schluckbare.[\/vc_column_text][vc_column_text css=&#8220;.vc_custom_1720728389585{margin-bottom: 10px !important;}&#8220;]Der endoskopische Magenballon ist eine Methode, die unter Sedasgon angewendet wird, indem zun\u00e4chst eine gastroskopische Untersuchung durchgef\u00fchrt wird und festgestellt wird, ob Ihr Magen geeignet ist. Magenballons k\u00f6nnen bei geeigneten Patienten f\u00fcr 6 Monate oder 1 Jahr eingesetzt werden. Der 1 Jahr alte Magenballon verf\u00fcgt \u00fcber eine verstellbare Funktion. Der 6-Monats-Magenballon wird normalerweise auf jeweils 500 ml aufgeblasen. Endoskopisch angelegte Magenballons m\u00fcssen endoskopisch wieder entfernt werden.[\/vc_column_text][vc_column_text css=&#8220;.vc_custom_1720728395265{margin-bottom: 10px !important;}&#8220;]Beim schluckbaren Magenballon erfolgt keine Sedierung. Die Patienten werden symptomatisch befragt und m\u00f6gliche Patienten werden ermittelt, indem vor dem Eingriff ein Magenschutz angelegt wird. Zun\u00e4chst wird der Magenballon vom Patienten mit Wasser geschluckt. Um sicherzustellen, dass sich die Ballonkapsel im Magen befindet, wird eine direkte R\u00f6ntgenaufnahme angefertigt. Nachdem sichergestellt wurde, dass er sich im Magen befindet, wird der Magenballon erneut mit 500 ml aufgeblasen. Es werden erneut R\u00f6ntgenaufnahmen gemacht und der Eingriff beendet. Der schluckbare Magenballon wird nach 5-6 Monaten spontan aus dem K\u00f6rper ausgeschieden. Ein zweiter Eingriff ist nicht erforderlich.[\/vc_column_text][vc_column_text css=&#8220;.vc_custom_1720728400427{margin-bottom: 10px !important;}&#8220;]Ballonanwendungen zielen darauf ab, \u00dcbergewicht loszuwerden. Wie bei allen Methoden zur Behandlung von Fettleibigkeit sind \u00c4nderungen des Lebensstils sehr wichtig. DR. Cihan und sein Team versorgen Sie gerne mit allen Informationen zu diesem Thema.[\/vc_column_text][\/vc_column][\/vc_row]<\/div>","protected":false},"excerpt":{"rendered":"[vc_row content_placement=&#8220;middle&#8220; pix_particles_check=&#8220;&#8220; responsive_css=&#8220;{&#8222;pix_res_sm_pt&#8222;:&#8222;15&#8222;,&#8222;pix_res_sm_pb&#8222;:&#8222;15&#8222;}&#8220; css=&#8220;.vc_custom_1718230641940{padding-bottom: 40px !important;}&#8220;][vc_column][vc_single_image image=&#8220;1272&#8243; img_size=&#8220;full&#8220;][vc_column_text css=&#8220;.vc_custom_1720728382589{margin-bottom: 10px !important;}&#8220;]Das Einsetzen eines intragastrischen Ballons ist ein Verfahren zur Gewichtsreduktion, bei dem ein mit Kochsalzl\u00f6sung gef\u00fcllter Silikonballon in Ihren Magen eingef\u00fchrt wird. Dies hilft Ihnen beim Abnehmen, indem es&#8230;","protected":false},"author":1,"featured_media":0,"parent":0,"menu_order":0,"comment_status":"closed","ping_status":"closed","template":"templates\/template-right-sidebar.php","meta":{"footnotes":""},"class_list":["post-1541","page","type-page","status-publish","hentry"],"_links":{"self":[{"href":"https:\/\/drcihansahan.com\/de\/wp-json\/wp\/v2\/pages\/1541","targetHints":{"allow":["GET"]}}],"collection":[{"href":"https:\/\/drcihansahan.com\/de\/wp-json\/wp\/v2\/pages"}],"about":[{"href":"https:\/\/drcihansahan.com\/de\/wp-json\/wp\/v2\/types\/page"}],"author":[{"embeddable":true,"href":"https:\/\/drcihansahan.com\/de\/wp-json\/wp\/v2\/users\/1"}],"replies":[{"embeddable":true,"href":"https:\/\/drcihansahan.com\/de\/wp-json\/wp\/v2\/comments?post=1541"}],"version-history":[{"count":1,"href":"https:\/\/drcihansahan.com\/de\/wp-json\/wp\/v2\/pages\/1541\/revisions"}],"predecessor-version":[{"id":1682,"href":"https:\/\/drcihansahan.com\/de\/wp-json\/wp\/v2\/pages\/1541\/revisions\/1682"}],"wp:attachment":[{"href":"https:\/\/drcihansahan.com\/de\/wp-json\/wp\/v2\/media?parent=1541"}],"curies":[{"name":"wp","href":"https:\/\/api.w.org\/{rel}","templated":true}]}}