{"id":1512,"date":"2024-06-13T00:58:40","date_gmt":"2024-06-12T21:58:40","guid":{"rendered":"https:\/\/drcihansahan.com\/vucut-kitle-indexi\/"},"modified":"2024-07-11T23:52:47","modified_gmt":"2024-07-11T20:52:47","slug":"body-mass-index","status":"publish","type":"page","link":"https:\/\/drcihansahan.com\/de\/body-mass-index\/","title":{"rendered":"Body-Mass-Index"},"content":{"rendered":"<div class=\"wpb-content-wrapper\"><p>[vc_row content_placement=&#8220;middle&#8220; pix_particles_check=&#8220;&#8220; responsive_css=&#8220;{&#8222;pix_res_sm_pt&#8222;:&#8222;15&#8222;,&#8222;pix_res_sm_pb&#8222;:&#8222;15&#8222;}&#8220; css=&#8220;.vc_custom_1718230593269{padding-bottom: 40px !important;}&#8220;][vc_column][vc_single_image image=&#8220;1139&#8243; img_size=&#8220;full&#8220;]<div  class=\"pix-heading-el text-left  vc_custom_1720727931881\"><div><div class=\"slide-in-container2\"><h3 class=\"text-primary font-weight-bold animate-in heading-text el-title_custom_color mb-12\" style=\"font-size:30px;\" data-anim-type=\"fade-in-up\" data-anim-delay=\"200\">Body Mass Index<\/h3><\/div><\/div><\/div>[vc_column_text css=&#8220;.vc_custom_1720727969439{margin-bottom: 10px !important;}&#8220;]<\/p>\n<table>\n<tbody>\n<tr>\n<td><strong>Kategorie<\/strong><\/td>\n<td><b><i>VKI (kg\/m2)<\/i><\/b><\/td>\n<\/tr>\n<tr>\n<td>Schwach<\/td>\n<td><i><span style=\"font-weight: 400;\">&lt; 18.5<\/span><\/i><\/td>\n<\/tr>\n<tr>\n<td>Normalgewicht<\/td>\n<td><i><span style=\"font-weight: 400;\">18.5 \u2013 24.9<\/span><\/i><\/td>\n<\/tr>\n<tr>\n<td>\u00dcbergewicht<\/td>\n<td><i><span style=\"font-weight: 400;\">25.0 \u2013 29.9<\/span><\/i><\/td>\n<\/tr>\n<tr>\n<td>Fettleibigkeit 1. Grades<\/td>\n<td><i><span style=\"font-weight: 400;\">30.0 \u2013 34.9<\/span><\/i><\/td>\n<\/tr>\n<tr>\n<td>Fettleibigkeit 2. Grades<\/td>\n<td><i><span style=\"font-weight: 400;\">35.0 \u2013 39.9<\/span><\/i><\/td>\n<\/tr>\n<tr>\n<td>Fettleibigkeit 3. Grades (krankhafte Fettleibigkeit)<\/td>\n<td><i><span style=\"font-weight: 400;\">40.0-49.9<\/span><\/i><\/td>\n<\/tr>\n<tr>\n<td>Fettleibigkeit 4. Grades (Super-Fettleibigkeit)<\/td>\n<td><i><span style=\"font-weight: 400;\">&gt;50.0<\/span><\/i><\/td>\n<\/tr>\n<\/tbody>\n<\/table>\n<p>[\/vc_column_text]<div  class=\"pix-heading-el text-left  vc_custom_1720727974292\"><div><div class=\"slide-in-container2\"><h4 class=\"text-primary font-weight-bold animate-in heading-text el-title_custom_color mb-12\" style=\"font-size:25px;\" data-anim-type=\"fade-in-up\" data-anim-delay=\"200\">Berechnung<\/h4><\/div><\/div><\/div>[vc_raw_html]JTNDZGl2JTIwY2xhc3MlM0QlMjJjb250YWluZXItYm1pJTIyJTNFJTBBJTIwJTIwJTIwJTIwJTNDZGl2JTIwY2xhc3MlM0QlMjJpbnB1dC1jb250YWluZXIlMjIlM0UlMEElMjAlMjAlMjAlMjAlMjAlMjAlM0NsYWJlbCUyMGZvciUzRCUyMmhlaWdodCUyMiUzRURlaW5lJTIwSyVDMyVCNnJwZXJnciVDMyVCNiVDMyU5RmUlMjAlMjhjbSUyOSUzQyUyRmxhYmVsJTNFJTBBJTIwJTIwJTIwJTIwJTIwJTIwJTNDaW5wdXQlMjB0eXBlJTNEJTIybnVtYmVyJTIyJTIwaWQlM0QlMjJoZWlnaHQlMjIlMjBwbGFjZWhvbGRlciUzRCUyMjAlMjIlM0UlMEElMjAlMjAlMjAlMjAlM0MlMkZkaXYlM0UlMEElMjAlMjAlMjAlMjAlM0NkaXYlMjBjbGFzcyUzRCUyMmlucHV0LWNvbnRhaW5lciUyMiUzRSUwQSUyMCUyMCUyMCUyMCUyMCUyMCUzQ2xhYmVsJTIwZm9yJTNEJTIyd2VpZ2h0JTIyJTNFSWhyJTIwR2V3aWNodCUyMCUyOEtnJTI5JTNDJTJGbGFiZWwlM0UlMEElMjAlMjAlMjAlMjAlMjAlMjAlM0NpbnB1dCUyMHR5cGUlM0QlMjJudW1iZXIlMjIlMjBpZCUzRCUyMndlaWdodCUyMiUyMHBsYWNlaG9sZGVyJTNEJTIyMCUyMiUzRSUwQSUyMCUyMCUyMCUyMCUzQyUyRmRpdiUzRSUwQSUyMCUyMCUyMCUyMCUzQ2J1dHRvbiUyMG9uY2xpY2slM0QlMjJjYWxjdWxhdGVCTUklMjglMjklMjIlM0VCZXJlY2hudW5nJTNDJTJGYnV0dG9uJTNFJTBBJTIwJTIwJTIwJTIwJTNDZGl2JTIwaWQlM0QlMjJyZXN1bHQlMjIlM0UlM0MlMkZkaXYlM0UlMEElMjAlMjAlM0MlMkZkaXYlM0UlMEElMjAlMjAlM0NzY3JpcHQlMjBzcmMlM0QlMjIlMkZ3cC1jb250ZW50JTJGYm1pLWRlLmpzJTIyJTNFJTNDJTJGc2NyaXB0JTNF[\/vc_raw_html][vc_raw_html]JTNDZGl2JTIwY2xhc3MlM0QlMjJjb250YWluZXIlMjIlMjBzdHlsZSUzRCUyMnBhZGRpbmclM0EwcHglMjAxMHB4JTIyJTNFJTBBJTIwJTIwJTIwJTIwJTIwJTIwJTIwJTIwJTNDZGl2JTIwY2xhc3MlM0QlMjJibWktY2F0ZWdvcmllcyUyMiUzRSUwQSUyMCUyMCUyMCUyMCUyMCUyMCUyMCUyMCUyMCUyMCUyMCUyMCUzQ2RpdiUyMGNsYXNzJTNEJTIyYm1pLWNhdGVnb3J5JTIwdW5kZXJ3ZWlnaHQlMjIlM0VWS0klMjAlM0UlMjAxOC41JTNDYnIlM0VTQ0hXQUNIJTNDJTJGZGl2JTNFJTBBJTIwJTIwJTIwJTIwJTIwJTIwJTIwJTIwJTIwJTIwJTIwJTIwJTNDZGl2JTIwY2xhc3MlM0QlMjJibWktY2F0ZWdvcnklMjBoZWFsdGh5JTIyJTNFMTguNSUyMC0lMjAyNC45JTNDYnIlM0VHRVNVTkQlM0MlMkZkaXYlM0UlMEElMjAlMjAlMjAlMjAlMjAlMjAlMjAlMjAlMjAlMjAlMjAlMjAlM0NkaXYlMjBjbGFzcyUzRCUyMmJtaS1jYXRlZ29yeSUyMG92ZXJ3ZWlnaHQlMjIlM0UyNSUyMC0lMjAyOS45JTNDYnIlM0VGJUMzJTlDQkVSR0VXSUNIVCUzQyUyRmRpdiUzRSUwQSUyMCUyMCUyMCUyMCUyMCUyMCUyMCUyMCUyMCUyMCUyMCUyMCUzQ2RpdiUyMGNsYXNzJTNEJTIyYm1pLWNhdGVnb3J5JTIwb2Jlc2UlMjIlM0UzMC0zNSUyMCUzQ2JyJTNFRkVUVExFSUJJR0tFSVQlMjAlM0NiciUzRUxldmVsJTIwMSUzQyUyRmRpdiUzRSUwQSUzQ2RpdiUyMGNsYXNzJTNEJTIyYm1pLWNhdGVnb3J5JTIwb2Jlc2UtdHdvJTIyJTNFMzUtNDAlMjAlM0NiciUzRUZFVFRMRUlCSUdLRUlUJTNDYnIlM0VMZXZlbCUyMDIlM0MlMkZkaXYlM0UlMEElM0NkaXYlMjBjbGFzcyUzRCUyMmJtaS1jYXRlZ29yeSUyMG9iZXNlLXRocmVlJTIyJTNFNDAtNTAlMjAlM0NiciUzRUZFVFRMRUlCSUdLRUlUJTIwJTNDYnIlM0VMZXZlbCUyMDMlM0MlMkZkaXYlM0UlMEElM0NkaXYlMjBjbGFzcyUzRCUyMmJtaS1jYXRlZ29yeSUyMG9iZXNlLWZvdXIlMjIlM0U1MCUyQiUyMCUzQ2JyJTNFRkVUVExFSUJJR0tFSVQlMjAlM0NiciUzRUxldmVsJTIwNCUzQyUyRmRpdiUzRSUwQSUyMCUyMCUyMCUyMCUyMCUyMCUyMCUyMCUzQyUyRmRpdiUzRSUwQSUyMCUyMCUyMCUyMCUzQyUyRmRpdiUzRQ==[\/vc_raw_html][vc_column_text css=&#8220;.vc_custom_1720728036256{margin-bottom: 10px !important;}&#8220;]Wenn wir Fettleibigkeit als eine Krankheit betrachten, m\u00fcssen wir wissen, dass es sich bei Fettleibigkeit nicht um eine einfaktorielle Erkrankung handelt, sondern dass es viele zugrunde liegende Mechanismen sowie genetische und umweltbedingte Aspekte gibt. Ab einem bestimmten Stadium ist die Adipositaserkrankung keine Situation mehr, die der Einzelne alleine bek\u00e4mpfen kann. F\u00fcr Menschen mit Adipositas ist es oft sehr schwierig, allein durch Di\u00e4t und Bewegung Gewicht zu verlieren. Denn Fettleibigkeit ist eine Krankheit und Ihr K\u00f6rper k\u00e4mpft tats\u00e4chlich gegen das Abnehmen, weil er glaubt, dass es Ihnen beim \u00dcberleben hilft.<\/p>\n<p>Sobald die Adipositaserkrankung ein Ausma\u00df erreicht hat, das professionelle medizinische Unterst\u00fctzung erfordert, sollten Einzelpersonen \u00fcber dieses Problem informiert und der Behandlungsprozess unterst\u00fctzt werden. Die Behandlung von Adipositaserkrankungen ist multifaktoriell. Es k\u00f6nnen chirurgische und nicht-chirurgische Methoden angewendet werden.<\/p>\n<p>Ihr Body-Mass-Index wird berechnet, um zu beurteilen, ob eine bariatrische Operation f\u00fcr Sie ratsam und sicher ist. DR. Cihan beurteilt die H\u00f6he Ihres Body-Mass-Index und alle Ihre anderen Gesundheitszust\u00e4nde, bespricht mit Ihnen die verf\u00fcgbaren Methoden und gibt Ihnen eine Empfehlung, welches Verfahren f\u00fcr Sie am besten geeignet ist. Die endg\u00fcltige Entscheidung liegt nat\u00fcrlich immer bei Ihnen.[\/vc_column_text]<div  class=\"pix-heading-el text-left  vc_custom_1720728043830\"><div><div class=\"slide-in-container2\"><h4 class=\"text-primary font-weight-bold animate-in heading-text el-title_custom_color mb-12\" style=\"font-size:25px;\" data-anim-type=\"fade-in-up\" data-anim-delay=\"200\">Bereich des Body-Mass-Index (BMI).<\/h4><\/div><\/div><\/div>[vc_column_text css=&#8220;.vc_custom_1720728050542{margin-bottom: 10px !important;}&#8220;]Als allgemeine Regel gilt, dass bestimmte Techniken bei Menschen innerhalb eines bestimmten BMI-Bereichs am besten funktionieren. Beispielsweise k\u00f6nnen Personen mit einem BMI von mindestens 30 gute Kandidaten f\u00fcr die Magenballon-Methode sein, w\u00e4hrend f\u00fcr andere Adipositas-Operationen der BMI mindestens 35 betragen sollte. Personen mit einem BMI \u00fcber 40 k\u00f6nnen mit einer laparoskopischen Schlauchmagenoperation oder einer laparoskopischen Magenoperation bessere Ergebnisse erzielen.<\/p>\n<p>Wir behandeln alle unsere Patienten in unserer Klinik und wenden alle Methoden zur Behandlung von Adipositas an. Wir implementieren ein umfassendes Programm, das Ihnen dabei hilft, Ihr Zielgewicht durch die Vorbereitung auf den Eingriff sowie fortlaufende Beratung und Unterst\u00fctzung zu erreichen und zu halten. Jedes Programm und jeder chirurgische Eingriff ist individuell und wir arbeiten hart daran, das Beste f\u00fcr Sie zu tun. Es ist uns eine gro\u00dfe Freude, Menschen dabei zu helfen, ihre Gesundheit, ihr Aussehen und ihre Lebensqualit\u00e4t zu verbessern.<\/p>\n<p>Lebensstil\u00e4nderungen und gesunde Ern\u00e4hrung sind sehr wichtig. Manche Menschen k\u00f6nnen nach der Operation wieder an Gewicht zunehmen.<br \/>\nWenn Sie nach der bariatrischen Operation ein unbefriedigendes Ergebnis erzielt haben oder ein Jahr oder l\u00e4nger nach der ersten Operation erneut an Gewicht zugenommen haben, kommen Sie m\u00f6glicherweise f\u00fcr eine erneute bariatrische Operation in Frage.[\/vc_column_text][\/vc_column][\/vc_row]<\/p>\n<\/div>","protected":false},"excerpt":{"rendered":"[vc_row content_placement=&#8220;middle&#8220; pix_particles_check=&#8220;&#8220; responsive_css=&#8220;{&#8222;pix_res_sm_pt&#8222;:&#8222;15&#8222;,&#8222;pix_res_sm_pb&#8222;:&#8222;15&#8222;}&#8220; css=&#8220;.vc_custom_1718230593269{padding-bottom: 40px !important;}&#8220;][vc_column][vc_single_image image=&#8220;1139&#8243; img_size=&#8220;full&#8220;][vc_column_text css=&#8220;.vc_custom_1720727969439{margin-bottom: 10px !important;}&#8220;] Kategorie VKI (kg\/m2) Schwach &lt; 18.5 Normalgewicht 18.5 \u2013 24.9 \u00dcbergewicht 25.0 \u2013 29.9 Fettleibigkeit 1. Grades 30.0 \u2013 34.9 Fettleibigkeit 2. Grades 35.0 \u2013 39.9 Fettleibigkeit 3&#8230;.","protected":false},"author":1,"featured_media":0,"parent":0,"menu_order":0,"comment_status":"closed","ping_status":"closed","template":"templates\/template-right-sidebar.php","meta":{"footnotes":""},"class_list":["post-1512","page","type-page","status-publish","hentry"],"_links":{"self":[{"href":"https:\/\/drcihansahan.com\/de\/wp-json\/wp\/v2\/pages\/1512","targetHints":{"allow":["GET"]}}],"collection":[{"href":"https:\/\/drcihansahan.com\/de\/wp-json\/wp\/v2\/pages"}],"about":[{"href":"https:\/\/drcihansahan.com\/de\/wp-json\/wp\/v2\/types\/page"}],"author":[{"embeddable":true,"href":"https:\/\/drcihansahan.com\/de\/wp-json\/wp\/v2\/users\/1"}],"replies":[{"embeddable":true,"href":"https:\/\/drcihansahan.com\/de\/wp-json\/wp\/v2\/comments?post=1512"}],"version-history":[{"count":3,"href":"https:\/\/drcihansahan.com\/de\/wp-json\/wp\/v2\/pages\/1512\/revisions"}],"predecessor-version":[{"id":1719,"href":"https:\/\/drcihansahan.com\/de\/wp-json\/wp\/v2\/pages\/1512\/revisions\/1719"}],"wp:attachment":[{"href":"https:\/\/drcihansahan.com\/de\/wp-json\/wp\/v2\/media?parent=1512"}],"curies":[{"name":"wp","href":"https:\/\/api.w.org\/{rel}","templated":true}]}}